{"id":619,"date":"2026-03-13T15:18:13","date_gmt":"2026-03-13T15:18:13","guid":{"rendered":"https:\/\/visitkigyos.hu\/?page_id=619"},"modified":"2026-03-17T12:24:49","modified_gmt":"2026-03-17T12:24:49","slug":"hirek","status":"publish","type":"page","link":"https:\/\/visitkigyos.hu\/index.php\/hirek\/","title":{"rendered":"H\u00edrek"},"content":{"rendered":"\t\t<div data-elementor-type=\"wp-page\" data-elementor-id=\"619\" class=\"elementor elementor-619\" data-elementor-post-type=\"page\">\n\t\t\t\t\t\t<section class=\"elementor-section elementor-top-section elementor-element elementor-element-ea8aeb1 elementor-section-boxed elementor-section-height-default elementor-section-height-default\" data-id=\"ea8aeb1\" data-element_type=\"section\" data-e-type=\"section\" data-settings=\"{&quot;background_background&quot;:&quot;classic&quot;}\">\n\t\t\t\t\t\t<div class=\"elementor-container elementor-column-gap-default\">\n\t\t\t\t\t<div class=\"elementor-column elementor-col-100 elementor-top-column elementor-element elementor-element-2fc331b\" data-id=\"2fc331b\" data-element_type=\"column\" data-e-type=\"column\">\n\t\t\t<div class=\"elementor-widget-wrap elementor-element-populated\">\n\t\t\t\t\t\t<div class=\"elementor-element elementor-element-06bf817 elementor-widget elementor-widget-heading\" data-id=\"06bf817\" data-element_type=\"widget\" data-e-type=\"widget\" data-widget_type=\"heading.default\">\n\t\t\t\t\t<h2 class=\"elementor-heading-title elementor-size-default\">Aktu\u00e1lis\n<\/h2>\t\t\t\t<\/div>\n\t\t\t\t<div class=\"elementor-element elementor-element-0054f38 elementor-widget elementor-widget-heading\" data-id=\"0054f38\" data-element_type=\"widget\" data-e-type=\"widget\" data-widget_type=\"heading.default\">\n\t\t\t\t\t<h2 class=\"elementor-heading-title elementor-size-default\">H\u00edrek<\/h2>\t\t\t\t<\/div>\n\t\t\t\t<div class=\"elementor-element elementor-element-8858f7b elementor-grid-3 elementor-grid-tablet-2 elementor-grid-mobile-1 elementor-widget elementor-widget-loop-grid\" data-id=\"8858f7b\" data-element_type=\"widget\" data-e-type=\"widget\" data-settings=\"{&quot;template_id&quot;:&quot;786&quot;,&quot;pagination_type&quot;:&quot;load_more_infinite_scroll&quot;,&quot;_skin&quot;:&quot;post&quot;,&quot;columns&quot;:&quot;3&quot;,&quot;columns_tablet&quot;:&quot;2&quot;,&quot;columns_mobile&quot;:&quot;1&quot;,&quot;edit_handle_selector&quot;:&quot;[data-elementor-type=\\&quot;loop-item\\&quot;]&quot;,&quot;load_more_spinner&quot;:{&quot;value&quot;:&quot;fas fa-spinner&quot;,&quot;library&quot;:&quot;fa-solid&quot;},&quot;row_gap&quot;:{&quot;unit&quot;:&quot;px&quot;,&quot;size&quot;:&quot;&quot;,&quot;sizes&quot;:[]},&quot;row_gap_tablet&quot;:{&quot;unit&quot;:&quot;px&quot;,&quot;size&quot;:&quot;&quot;,&quot;sizes&quot;:[]},&quot;row_gap_mobile&quot;:{&quot;unit&quot;:&quot;px&quot;,&quot;size&quot;:&quot;&quot;,&quot;sizes&quot;:[]}}\" data-widget_type=\"loop-grid.post\">\n\t\t\t\t<div class=\"elementor-widget-container\">\n\t\t\t\t\t\t\t<div class=\"elementor-loop-container elementor-grid\" role=\"list\">\n\t\t<style id=\"loop-786\">.elementor-786 .elementor-element.elementor-element-f8de617{--display:flex;--flex-direction:column;--container-widget-width:100%;--container-widget-height:initial;--container-widget-flex-grow:0;--container-widget-align-self:initial;--flex-wrap-mobile:wrap;border-style:solid;--border-style:solid;border-width:1px 1px 1px 1px;--border-top-width:1px;--border-right-width:1px;--border-bottom-width:1px;--border-left-width:1px;border-color:#E0E7E1;--border-color:#E0E7E1;--border-radius:8px 8px 8px 8px;--padding-top:20px;--padding-bottom:20px;--padding-left:20px;--padding-right:20px;}.elementor-786 .elementor-element.elementor-element-f8de617:not(.elementor-motion-effects-element-type-background), .elementor-786 .elementor-element.elementor-element-f8de617 > .elementor-motion-effects-container > .elementor-motion-effects-layer{background-color:var( --e-global-color-02986a3 );}.elementor-widget-theme-post-featured-image .widget-image-caption{color:var( --e-global-color-text );font-family:var( --e-global-typography-text-font-family ), Sans-serif;font-weight:var( --e-global-typography-text-font-weight );}.elementor-786 .elementor-element.elementor-element-a2ea82a img{border-radius:8px 8px 8px 8px;}.elementor-786 .elementor-element.elementor-element-f5828f7{--display:flex;--min-height:0px;--flex-direction:row;--container-widget-width:calc( ( 1 - var( --container-widget-flex-grow ) ) * 100% );--container-widget-height:100%;--container-widget-flex-grow:1;--container-widget-align-self:stretch;--flex-wrap-mobile:wrap;--align-items:center;--gap:10px 10px;--row-gap:10px;--column-gap:10px;--margin-top:0px;--margin-bottom:0px;--margin-left:0px;--margin-right:0px;--padding-top:0px;--padding-bottom:0px;--padding-left:0px;--padding-right:0px;}.elementor-widget-post-info .elementor-icon-list-item:not(:last-child):after{border-color:var( --e-global-color-text );}.elementor-widget-post-info .elementor-icon-list-icon i{color:var( --e-global-color-primary );}.elementor-widget-post-info .elementor-icon-list-icon svg{fill:var( --e-global-color-primary );}.elementor-widget-post-info .elementor-icon-list-text, .elementor-widget-post-info .elementor-icon-list-text a{color:var( --e-global-color-secondary );}.elementor-widget-post-info .elementor-icon-list-item{font-family:var( --e-global-typography-text-font-family ), Sans-serif;font-weight:var( --e-global-typography-text-font-weight );}.elementor-786 .elementor-element.elementor-element-0984d20 .elementor-icon-list-items:not(.elementor-inline-items) .elementor-icon-list-item:not(:last-child){padding-bottom:calc(34px\/2);}.elementor-786 .elementor-element.elementor-element-0984d20 .elementor-icon-list-items:not(.elementor-inline-items) .elementor-icon-list-item:not(:first-child){margin-top:calc(34px\/2);}.elementor-786 .elementor-element.elementor-element-0984d20 .elementor-icon-list-items.elementor-inline-items .elementor-icon-list-item{margin-right:calc(34px\/2);margin-left:calc(34px\/2);}.elementor-786 .elementor-element.elementor-element-0984d20 .elementor-icon-list-items.elementor-inline-items{margin-right:calc(-34px\/2);margin-left:calc(-34px\/2);}body.rtl .elementor-786 .elementor-element.elementor-element-0984d20 .elementor-icon-list-items.elementor-inline-items .elementor-icon-list-item:after{left:calc(-34px\/2);}body:not(.rtl) .elementor-786 .elementor-element.elementor-element-0984d20 .elementor-icon-list-items.elementor-inline-items .elementor-icon-list-item:after{right:calc(-34px\/2);}.elementor-786 .elementor-element.elementor-element-0984d20 .elementor-icon-list-icon i{color:var( --e-global-color-aa3d19d );font-size:14px;}.elementor-786 .elementor-element.elementor-element-0984d20 .elementor-icon-list-icon svg{fill:var( --e-global-color-aa3d19d );--e-icon-list-icon-size:14px;}.elementor-786 .elementor-element.elementor-element-0984d20 .elementor-icon-list-icon{width:14px;}.elementor-786 .elementor-element.elementor-element-0984d20 .elementor-icon-list-text, .elementor-786 .elementor-element.elementor-element-0984d20 .elementor-icon-list-text a{color:var( --e-global-color-aa3d19d );}.elementor-786 .elementor-element.elementor-element-0984d20 .elementor-icon-list-item{font-family:\"Source Sans 3\", Sans-serif;font-size:10px;font-weight:600;text-transform:uppercase;letter-spacing:1px;}.elementor-786 .elementor-element.elementor-element-0984d20{padding:3px 10px 3px 10px;background-color:#E0E7E1;border-radius:50px 50px 50px 50px;}.elementor-786 .elementor-element.elementor-element-0984d20.elementor-element{--align-self:flex-start;}.elementor-786 .elementor-element.elementor-element-c1b7b2a .elementor-icon-list-items:not(.elementor-inline-items) .elementor-icon-list-item:not(:last-child){padding-bottom:calc(34px\/2);}.elementor-786 .elementor-element.elementor-element-c1b7b2a .elementor-icon-list-items:not(.elementor-inline-items) .elementor-icon-list-item:not(:first-child){margin-top:calc(34px\/2);}.elementor-786 .elementor-element.elementor-element-c1b7b2a .elementor-icon-list-items.elementor-inline-items .elementor-icon-list-item{margin-right:calc(34px\/2);margin-left:calc(34px\/2);}.elementor-786 .elementor-element.elementor-element-c1b7b2a .elementor-icon-list-items.elementor-inline-items{margin-right:calc(-34px\/2);margin-left:calc(-34px\/2);}body.rtl .elementor-786 .elementor-element.elementor-element-c1b7b2a .elementor-icon-list-items.elementor-inline-items .elementor-icon-list-item:after{left:calc(-34px\/2);}body:not(.rtl) .elementor-786 .elementor-element.elementor-element-c1b7b2a .elementor-icon-list-items.elementor-inline-items .elementor-icon-list-item:after{right:calc(-34px\/2);}.elementor-786 .elementor-element.elementor-element-c1b7b2a .elementor-icon-list-icon i{color:#757C8A;font-size:10px;}.elementor-786 .elementor-element.elementor-element-c1b7b2a .elementor-icon-list-icon svg{fill:#757C8A;--e-icon-list-icon-size:10px;}.elementor-786 .elementor-element.elementor-element-c1b7b2a .elementor-icon-list-icon{width:10px;}.elementor-786 .elementor-element.elementor-element-c1b7b2a .elementor-icon-list-text, .elementor-786 .elementor-element.elementor-element-c1b7b2a .elementor-icon-list-text a{color:#757C8A;}.elementor-786 .elementor-element.elementor-element-c1b7b2a .elementor-icon-list-item{font-family:\"Source Sans 3\", Sans-serif;font-size:12px;font-weight:400;}.elementor-786 .elementor-element.elementor-element-c1b7b2a.elementor-element{--align-self:flex-end;}.elementor-widget-heading .elementor-heading-title{font-family:var( --e-global-typography-primary-font-family ), Sans-serif;font-weight:var( --e-global-typography-primary-font-weight );color:var( --e-global-color-primary );}.elementor-786 .elementor-element.elementor-element-d91a0da .elementor-heading-title{font-family:\"Playfair Display\", Sans-serif;font-size:24px;font-weight:600;line-height:32px;color:#393E46;}.elementor-widget-theme-post-excerpt{font-family:var( --e-global-typography-text-font-family ), Sans-serif;font-weight:var( --e-global-typography-text-font-weight );color:var( --e-global-color-text );}.elementor-786 .elementor-element.elementor-element-8906602{font-family:\"Source Sans 3\", Sans-serif;font-size:14px;font-weight:400;line-height:22px;color:#757C8A;margin:0px 0px calc(var(--kit-widget-spacing, 0px) + 0px) 0px;padding:0px 0px 0px 0px;}.elementor-widget-button .elementor-button{font-family:var( --e-global-typography-accent-font-family ), Sans-serif;font-weight:var( --e-global-typography-accent-font-weight );background-color:var( --e-global-color-accent );}.elementor-786 .elementor-element.elementor-element-b9d5c4c .elementor-button-content-wrapper{flex-direction:row-reverse;}.elementor-786 .elementor-element.elementor-element-b9d5c4c .elementor-button .elementor-button-content-wrapper{gap:5px;}.elementor-786 .elementor-element.elementor-element-b9d5c4c .elementor-button{font-family:\"Source Sans 3\", Sans-serif;font-size:14px;font-weight:600;fill:var( --e-global-color-aa3d19d );color:var( --e-global-color-aa3d19d );background-color:#61CE7000;padding:0px 0px 0px 0px;}.elementor-786 .elementor-element.elementor-element-b9d5c4c{margin:-15px 0px calc(var(--kit-widget-spacing, 0px) + 0px) 0px;}@media(min-width:768px){.elementor-786 .elementor-element.elementor-element-f5828f7{--width:100%;}}<\/style>\t\t<div data-elementor-type=\"loop-item\" data-elementor-id=\"786\" class=\"elementor elementor-786 e-loop-item e-loop-item-782 post-782 post type-post status-publish format-standard has-post-thumbnail hentry category-postahaz\" data-elementor-post-type=\"elementor_library\" data-custom-edit-handle=\"1\">\n\t\t\t<div class=\"elementor-element elementor-element-f8de617 e-flex e-con-boxed e-con e-parent\" data-id=\"f8de617\" data-element_type=\"container\" data-e-type=\"container\" data-settings=\"{&quot;background_background&quot;:&quot;classic&quot;}\">\n\t\t\t\t\t<div class=\"e-con-inner\">\n\t\t\t\t<div class=\"elementor-element elementor-element-a2ea82a elementor-widget elementor-widget-theme-post-featured-image elementor-widget-image\" data-id=\"a2ea82a\" data-element_type=\"widget\" data-e-type=\"widget\" data-widget_type=\"theme-post-featured-image.default\">\n\t\t\t\t\t\t\t\t\t\t\t\t\t\t\t\t<a href=\"https:\/\/visitkigyos.hu\/index.php\/2026\/03\/17\/visitkigyos-uj-honlap\/\">\n\t\t\t\t\t\t\t<img decoding=\"async\" src=\"https:\/\/visitkigyos.hu\/wp-content\/uploads\/elementor\/thumbs\/Kepernyokep-2026-03-24-095610-rkz116u277y8mlkrq3kanqwms22toe1fvzy69i5ugg.png\" title=\"K\u00e9perny\u0151k\u00e9p 2026-03-24 095610\" alt=\"K\u00e9perny\u0151k\u00e9p 2026-03-24 095610\" loading=\"lazy\" \/>\t\t\t\t\t\t\t\t<\/a>\n\t\t\t\t\t\t\t\t\t\t\t\t\t\t\t<\/div>\n\t\t<div class=\"elementor-element elementor-element-f5828f7 e-con-full e-flex e-con e-child\" data-id=\"f5828f7\" data-element_type=\"container\" data-e-type=\"container\">\n\t\t\t\t<div class=\"elementor-element elementor-element-0984d20 elementor-align-center elementor-widget elementor-widget-post-info\" data-id=\"0984d20\" data-element_type=\"widget\" data-e-type=\"widget\" data-widget_type=\"post-info.default\">\n\t\t\t\t\t\t\t<ul class=\"elementor-inline-items elementor-icon-list-items elementor-post-info\">\n\t\t\t\t\t\t\t\t<li class=\"elementor-icon-list-item elementor-repeater-item-41991fb elementor-inline-item\" itemprop=\"about\">\n\t\t\t\t\t\t\t\t\t\t\t\t\t<span class=\"elementor-icon-list-text elementor-post-info__item elementor-post-info__item--type-terms\">\n\t\t\t\t\t\t\t\t\t\t<span class=\"elementor-post-info__terms-list\">\n\t\t\t\t<span class=\"elementor-post-info__terms-list-item\">Postah\u00e1z<\/span>\t\t\t\t<\/span>\n\t\t\t\t\t<\/span>\n\t\t\t\t\t\t\t\t<\/li>\n\t\t\t\t<\/ul>\n\t\t\t\t\t\t<\/div>\n\t\t\t\t<div class=\"elementor-element elementor-element-c1b7b2a elementor-widget elementor-widget-post-info\" data-id=\"c1b7b2a\" data-element_type=\"widget\" data-e-type=\"widget\" data-widget_type=\"post-info.default\">\n\t\t\t\t\t\t\t<ul class=\"elementor-inline-items elementor-icon-list-items elementor-post-info\">\n\t\t\t\t\t\t\t\t<li class=\"elementor-icon-list-item elementor-repeater-item-f3542c6 elementor-inline-item\" itemprop=\"datePublished\">\n\t\t\t\t\t\t\t\t\t\t<span class=\"elementor-icon-list-icon\">\n\t\t\t\t\t\t\t\t<svg aria-hidden=\"true\" class=\"e-font-icon-svg e-fas-calendar\" viewBox=\"0 0 448 512\" xmlns=\"http:\/\/www.w3.org\/2000\/svg\"><path d=\"M12 192h424c6.6 0 12 5.4 12 12v260c0 26.5-21.5 48-48 48H48c-26.5 0-48-21.5-48-48V204c0-6.6 5.4-12 12-12zm436-44v-36c0-26.5-21.5-48-48-48h-48V12c0-6.6-5.4-12-12-12h-40c-6.6 0-12 5.4-12 12v52H160V12c0-6.6-5.4-12-12-12h-40c-6.6 0-12 5.4-12 12v52H48C21.5 64 0 85.5 0 112v36c0 6.6 5.4 12 12 12h424c6.6 0 12-5.4 12-12z\"><\/path><\/svg>\t\t\t\t\t\t\t<\/span>\n\t\t\t\t\t\t\t\t\t<span class=\"elementor-icon-list-text elementor-post-info__item elementor-post-info__item--type-date\">\n\t\t\t\t\t\t\t\t\t\t<time>2026. m\u00e1rcius. 17.<\/time>\t\t\t\t\t<\/span>\n\t\t\t\t\t\t\t\t<\/li>\n\t\t\t\t<\/ul>\n\t\t\t\t\t\t<\/div>\n\t\t\t\t<\/div>\n\t\t\t\t<div class=\"elementor-element elementor-element-d91a0da elementor-widget elementor-widget-heading\" data-id=\"d91a0da\" data-element_type=\"widget\" data-e-type=\"widget\" data-widget_type=\"heading.default\">\n\t\t\t\t\t<h2 class=\"elementor-heading-title elementor-size-default\"><a href=\"https:\/\/visitkigyos.hu\/index.php\/2026\/03\/17\/visitkigyos-uj-honlap\/\">Elk\u00e9sz\u00fclt a VisitK\u00edgy\u00f3s \u2013 Szabadk\u00edgy\u00f3s \u00faj turisztikai honlapja<\/a><\/h2>\t\t\t\t<\/div>\n\t\t\t\t<div class=\"elementor-element elementor-element-8906602 elementor-widget elementor-widget-theme-post-excerpt\" data-id=\"8906602\" data-element_type=\"widget\" data-e-type=\"widget\" data-widget_type=\"theme-post-excerpt.default\">\n\t\t\t\t\t<p>\u00d6r\u00f6mmel jelentj\u00fck be, hogy elk\u00e9sz\u00fclt \u00e9s elindult Szabadk\u00edgy\u00f3s \u00faj turisztikai weboldala, a visitkigyos.hu, amely \u00e1tfog\u00f3\t\t\t\t<\/div>\n\t\t\t\t<div class=\"elementor-element elementor-element-b9d5c4c elementor-widget elementor-widget-button\" data-id=\"b9d5c4c\" data-element_type=\"widget\" data-e-type=\"widget\" data-widget_type=\"button.default\">\n\t\t\t\t\t\t\t\t\t\t<a class=\"elementor-button elementor-button-link elementor-size-sm\" href=\"https:\/\/visitkigyos.hu\/index.php\/2026\/03\/17\/visitkigyos-uj-honlap\/\">\n\t\t\t\t\t\t<span class=\"elementor-button-content-wrapper\">\n\t\t\t\t\t\t<span class=\"elementor-button-icon\">\n\t\t\t\t<svg class=\"ekit-svg-icon icon-right-arrow\" viewBox=\"0 0 32 32\" xmlns=\"http:\/\/www.w3.org\/2000\/svg\"><path d=\"M21.548 5.088c-0.436-0.451-1.162-0.451-1.613 0-0.436 0.436-0.436 1.162 0 1.596l8.177 8.177h-26.984c-0.629 0.001-1.129 0.501-1.129 1.13s0.5 1.145 1.129 1.145h26.984l-8.177 8.162c-0.436 0.451-0.436 1.178 0 1.613 0.451 0.451 1.178 0.451 1.613 0l10.113-10.113c0.451-0.436 0.451-1.162 0-1.596l-10.113-10.114z\"><\/path><\/svg>\t\t\t<\/span>\n\t\t\t\t\t\t\t\t\t<span class=\"elementor-button-text\">Tov\u00e1bb olvasom<\/span>\n\t\t\t\t\t<\/span>\n\t\t\t\t\t<\/a>\n\t\t\t\t\t\t\t\t<\/div>\n\t\t\t\t\t<\/div>\n\t\t\t\t<\/div>\n\t\t\t\t<\/div>\n\t\t\t\t<\/div>\n\t\t\t\t\t<span class=\"e-load-more-spinner\">\n\t\t\t\t<svg aria-hidden=\"true\" class=\"e-font-icon-svg e-fas-spinner\" viewBox=\"0 0 512 512\" xmlns=\"http:\/\/www.w3.org\/2000\/svg\"><path d=\"M304 48c0 26.51-21.49 48-48 48s-48-21.49-48-48 21.49-48 48-48 48 21.49 48 48zm-48 368c-26.51 0-48 21.49-48 48s21.49 48 48 48 48-21.49 48-48-21.49-48-48-48zm208-208c-26.51 0-48 21.49-48 48s21.49 48 48 48 48-21.49 48-48-21.49-48-48-48zM96 256c0-26.51-21.49-48-48-48S0 229.49 0 256s21.49 48 48 48 48-21.49 48-48zm12.922 99.078c-26.51 0-48 21.49-48 48s21.49 48 48 48 48-21.49 48-48c0-26.509-21.491-48-48-48zm294.156 0c-26.51 0-48 21.49-48 48s21.49 48 48 48 48-21.49 48-48c0-26.509-21.49-48-48-48zM108.922 60.922c-26.51 0-48 21.49-48 48s21.49 48 48 48 48-21.49 48-48-21.491-48-48-48z\"><\/path><\/svg>\t\t\t<\/span>\n\t\t\n\t\t\t\t\t\t<\/div>\n\t\t\t\t<\/div>\n\t\t\t\t\t<\/div>\n\t\t<\/div>\n\t\t\t\t\t<\/div>\n\t\t<\/section>\n\t\t\t\t<\/div>\n\t\t","protected":false},"excerpt":{"rendered":"<p>Aktu\u00e1lis H\u00edrek<\/p>\n","protected":false},"author":1,"featured_media":0,"parent":0,"menu_order":0,"comment_status":"closed","ping_status":"closed","template":"elementor_header_footer","meta":{"footnotes":""},"class_list":["post-619","page","type-page","status-publish","hentry"],"yoast_head":"<!-- This site is optimized with the Yoast SEO Premium plugin v27.2 (Yoast SEO v27.2) - https:\/\/yoast.com\/product\/yoast-seo-premium-wordpress\/ -->\n<title>H\u00edrek - visitkigyos.hu<\/title>\n<meta name=\"robots\" content=\"index, follow, max-snippet:-1, max-image-preview:large, max-video-preview:-1\" \/>\n<link rel=\"canonical\" href=\"https:\/\/visitkigyos.hu\/index.php\/hirek\/\" \/>\n<meta property=\"og:locale\" content=\"hu_HU\" \/>\n<meta property=\"og:type\" content=\"article\" \/>\n<meta property=\"og:title\" content=\"H\u00edrek\" \/>\n<meta property=\"og:description\" content=\"Aktu\u00e1lis H\u00edrek\" \/>\n<meta property=\"og:url\" content=\"https:\/\/visitkigyos.hu\/index.php\/hirek\/\" \/>\n<meta property=\"og:site_name\" content=\"visitkigyos.hu\" \/>\n<meta property=\"article:modified_time\" content=\"2026-03-17T12:24:49+00:00\" \/>\n<meta name=\"twitter:card\" content=\"summary_large_image\" \/>\n<script type=\"application\/ld+json\" class=\"yoast-schema-graph\">{\"@context\":\"https:\/\/schema.org\",\"@graph\":[{\"@type\":\"WebPage\",\"@id\":\"https:\/\/visitkigyos.hu\/index.php\/hirek\/\",\"url\":\"https:\/\/visitkigyos.hu\/index.php\/hirek\/\",\"name\":\"H\u00edrek - visitkigyos.hu\",\"isPartOf\":{\"@id\":\"https:\/\/visitkigyos.hu\/#website\"},\"datePublished\":\"2026-03-13T15:18:13+00:00\",\"dateModified\":\"2026-03-17T12:24:49+00:00\",\"breadcrumb\":{\"@id\":\"https:\/\/visitkigyos.hu\/index.php\/hirek\/#breadcrumb\"},\"inLanguage\":\"hu\",\"potentialAction\":[{\"@type\":\"ReadAction\",\"target\":[\"https:\/\/visitkigyos.hu\/index.php\/hirek\/\"]}]},{\"@type\":\"BreadcrumbList\",\"@id\":\"https:\/\/visitkigyos.hu\/index.php\/hirek\/#breadcrumb\",\"itemListElement\":[{\"@type\":\"ListItem\",\"position\":1,\"name\":\"Kezd\u0151lap\",\"item\":\"https:\/\/visitkigyos.hu\/\"},{\"@type\":\"ListItem\",\"position\":2,\"name\":\"H\u00edrek\"}]},{\"@type\":\"WebSite\",\"@id\":\"https:\/\/visitkigyos.hu\/#website\",\"url\":\"https:\/\/visitkigyos.hu\/\",\"name\":\"visitkigyos.hu\",\"description\":\"\",\"publisher\":{\"@id\":\"https:\/\/visitkigyos.hu\/#organization\"},\"potentialAction\":[{\"@type\":\"SearchAction\",\"target\":{\"@type\":\"EntryPoint\",\"urlTemplate\":\"https:\/\/visitkigyos.hu\/?s={search_term_string}\"},\"query-input\":{\"@type\":\"PropertyValueSpecification\",\"valueRequired\":true,\"valueName\":\"search_term_string\"}}],\"inLanguage\":\"hu\"},{\"@type\":\"Organization\",\"@id\":\"https:\/\/visitkigyos.hu\/#organization\",\"name\":\"visitkigyos.hu\",\"url\":\"https:\/\/visitkigyos.hu\/\",\"logo\":{\"@type\":\"ImageObject\",\"inLanguage\":\"hu\",\"@id\":\"https:\/\/visitkigyos.hu\/#\/schema\/logo\/image\/\",\"url\":\"https:\/\/visitkigyos.hu\/wp-content\/uploads\/2026\/03\/logo-transparent-DBnOkuss-4.png\",\"contentUrl\":\"https:\/\/visitkigyos.hu\/wp-content\/uploads\/2026\/03\/logo-transparent-DBnOkuss-4.png\",\"width\":1024,\"height\":1024,\"caption\":\"visitkigyos.hu\"},\"image\":{\"@id\":\"https:\/\/visitkigyos.hu\/#\/schema\/logo\/image\/\"}}]}<\/script>\n<!-- \/ Yoast SEO Premium plugin. -->","yoast_head_json":{"title":"H\u00edrek - visitkigyos.hu","robots":{"index":"index","follow":"follow","max-snippet":"max-snippet:-1","max-image-preview":"max-image-preview:large","max-video-preview":"max-video-preview:-1"},"canonical":"https:\/\/visitkigyos.hu\/index.php\/hirek\/","og_locale":"hu_HU","og_type":"article","og_title":"H\u00edrek","og_description":"Aktu\u00e1lis H\u00edrek","og_url":"https:\/\/visitkigyos.hu\/index.php\/hirek\/","og_site_name":"visitkigyos.hu","article_modified_time":"2026-03-17T12:24:49+00:00","twitter_card":"summary_large_image","schema":{"@context":"https:\/\/schema.org","@graph":[{"@type":"WebPage","@id":"https:\/\/visitkigyos.hu\/index.php\/hirek\/","url":"https:\/\/visitkigyos.hu\/index.php\/hirek\/","name":"H\u00edrek - visitkigyos.hu","isPartOf":{"@id":"https:\/\/visitkigyos.hu\/#website"},"datePublished":"2026-03-13T15:18:13+00:00","dateModified":"2026-03-17T12:24:49+00:00","breadcrumb":{"@id":"https:\/\/visitkigyos.hu\/index.php\/hirek\/#breadcrumb"},"inLanguage":"hu","potentialAction":[{"@type":"ReadAction","target":["https:\/\/visitkigyos.hu\/index.php\/hirek\/"]}]},{"@type":"BreadcrumbList","@id":"https:\/\/visitkigyos.hu\/index.php\/hirek\/#breadcrumb","itemListElement":[{"@type":"ListItem","position":1,"name":"Kezd\u0151lap","item":"https:\/\/visitkigyos.hu\/"},{"@type":"ListItem","position":2,"name":"H\u00edrek"}]},{"@type":"WebSite","@id":"https:\/\/visitkigyos.hu\/#website","url":"https:\/\/visitkigyos.hu\/","name":"visitkigyos.hu","description":"","publisher":{"@id":"https:\/\/visitkigyos.hu\/#organization"},"potentialAction":[{"@type":"SearchAction","target":{"@type":"EntryPoint","urlTemplate":"https:\/\/visitkigyos.hu\/?s={search_term_string}"},"query-input":{"@type":"PropertyValueSpecification","valueRequired":true,"valueName":"search_term_string"}}],"inLanguage":"hu"},{"@type":"Organization","@id":"https:\/\/visitkigyos.hu\/#organization","name":"visitkigyos.hu","url":"https:\/\/visitkigyos.hu\/","logo":{"@type":"ImageObject","inLanguage":"hu","@id":"https:\/\/visitkigyos.hu\/#\/schema\/logo\/image\/","url":"https:\/\/visitkigyos.hu\/wp-content\/uploads\/2026\/03\/logo-transparent-DBnOkuss-4.png","contentUrl":"https:\/\/visitkigyos.hu\/wp-content\/uploads\/2026\/03\/logo-transparent-DBnOkuss-4.png","width":1024,"height":1024,"caption":"visitkigyos.hu"},"image":{"@id":"https:\/\/visitkigyos.hu\/#\/schema\/logo\/image\/"}}]}},"_links":{"self":[{"href":"https:\/\/visitkigyos.hu\/index.php\/wp-json\/wp\/v2\/pages\/619","targetHints":{"allow":["GET"]}}],"collection":[{"href":"https:\/\/visitkigyos.hu\/index.php\/wp-json\/wp\/v2\/pages"}],"about":[{"href":"https:\/\/visitkigyos.hu\/index.php\/wp-json\/wp\/v2\/types\/page"}],"author":[{"embeddable":true,"href":"https:\/\/visitkigyos.hu\/index.php\/wp-json\/wp\/v2\/users\/1"}],"replies":[{"embeddable":true,"href":"https:\/\/visitkigyos.hu\/index.php\/wp-json\/wp\/v2\/comments?post=619"}],"version-history":[{"count":10,"href":"https:\/\/visitkigyos.hu\/index.php\/wp-json\/wp\/v2\/pages\/619\/revisions"}],"predecessor-version":[{"id":842,"href":"https:\/\/visitkigyos.hu\/index.php\/wp-json\/wp\/v2\/pages\/619\/revisions\/842"}],"wp:attachment":[{"href":"https:\/\/visitkigyos.hu\/index.php\/wp-json\/wp\/v2\/media?parent=619"}],"curies":[{"name":"wp","href":"https:\/\/api.w.org\/{rel}","templated":true}]}}